{"id":117,"date":"2025-07-27T12:18:58","date_gmt":"2025-07-27T12:18:58","guid":{"rendered":"https:\/\/hundemolevitten.dk\/?page_id=117"},"modified":"2025-12-30T15:59:01","modified_gmt":"2025-12-30T15:59:01","slug":"om","status":"publish","type":"page","link":"http:\/\/hundemolevitten.dk\/index.php\/forside\/om\/","title":{"rendered":"Om"},"content":{"rendered":"\n<div class=\"wp-block-group alignfull\" style=\"padding-top:var(--wp--preset--spacing--30);padding-right:var(--wp--preset--spacing--30);padding-bottom:var(--wp--preset--spacing--30);padding-left:var(--wp--preset--spacing--30)\"><div class=\"wp-block-group__inner-container is-layout-constrained wp-container-core-group-is-layout-97875daf wp-block-group-is-layout-constrained\">\n<p class=\"has-text-align-center\"><\/p>\n\n\n\n<div class=\"wp-block-columns is-layout-flex wp-container-core-columns-is-layout-9d6595d7 wp-block-columns-is-layout-flex\">\n<div class=\"wp-block-column is-layout-flow wp-block-column-is-layout-flow\"><\/div>\n\n\n\n<div class=\"wp-block-column is-layout-flow wp-block-column-is-layout-flow\"><\/div>\n<\/div>\n\n\n\n<div class=\"wp-block-group alignfull has-contrast-color has-text-color has-link-color wp-elements-b5481f5c08a9e0e175456e1fb3b7e995 is-content-justification-space-between is-layout-flex wp-container-core-group-is-layout-fefaeca0 wp-block-group-is-layout-flex\" style=\"padding-top:var(--wp--preset--spacing--30);padding-right:var(--wp--preset--spacing--30);padding-bottom:var(--wp--preset--spacing--30);padding-left:var(--wp--preset--spacing--30)\">\n\n<nav class=\"is-responsive items-justified-right wp-block-navigation is-content-justification-right is-layout-flex wp-container-core-navigation-is-layout-3817c3ed wp-block-navigation-is-layout-flex\" aria-label=\"Header navigation\" \n\t\t data-wp-interactive=\"core\/navigation\" data-wp-context='{\"overlayOpenedBy\":{\"click\":false,\"hover\":false,\"focus\":false},\"type\":\"overlay\",\"roleAttribute\":\"\",\"ariaLabel\":\"Menu\"}'><button aria-haspopup=\"dialog\" aria-label=\"\u00c5bn menu\" class=\"wp-block-navigation__responsive-container-open always-shown\" \n\t\t\t\tdata-wp-on-async--click=\"actions.openMenuOnClick\"\n\t\t\t\tdata-wp-on--keydown=\"actions.handleMenuKeydown\"\n\t\t\t><svg width=\"24\" height=\"24\" xmlns=\"http:\/\/www.w3.org\/2000\/svg\" viewBox=\"0 0 24 24\" aria-hidden=\"true\" focusable=\"false\"><rect x=\"4\" y=\"7.5\" width=\"16\" height=\"1.5\" \/><rect x=\"4\" y=\"15\" width=\"16\" height=\"1.5\" \/><\/svg><\/button>\n\t\t\t\t<div class=\"wp-block-navigation__responsive-container hidden-by-default\"  id=\"modal-1\" \n\t\t\t\tdata-wp-class--has-modal-open=\"state.isMenuOpen\"\n\t\t\t\tdata-wp-class--is-menu-open=\"state.isMenuOpen\"\n\t\t\t\tdata-wp-watch=\"callbacks.initMenu\"\n\t\t\t\tdata-wp-on--keydown=\"actions.handleMenuKeydown\"\n\t\t\t\tdata-wp-on-async--focusout=\"actions.handleMenuFocusout\"\n\t\t\t\ttabindex=\"-1\"\n\t\t\t>\n\t\t\t\t\t<div class=\"wp-block-navigation__responsive-close\" tabindex=\"-1\">\n\t\t\t\t\t\t<div class=\"wp-block-navigation__responsive-dialog\" \n\t\t\t\tdata-wp-bind--aria-modal=\"state.ariaModal\"\n\t\t\t\tdata-wp-bind--aria-label=\"state.ariaLabel\"\n\t\t\t\tdata-wp-bind--role=\"state.roleAttribute\"\n\t\t\t>\n\t\t\t\t\t\t\t<button aria-label=\"Luk menu\" class=\"wp-block-navigation__responsive-container-close\" \n\t\t\t\tdata-wp-on-async--click=\"actions.closeMenuOnClick\"\n\t\t\t><svg xmlns=\"http:\/\/www.w3.org\/2000\/svg\" viewBox=\"0 0 24 24\" width=\"24\" height=\"24\" aria-hidden=\"true\" focusable=\"false\"><path d=\"m13.06 12 6.47-6.47-1.06-1.06L12 10.94 5.53 4.47 4.47 5.53 10.94 12l-6.47 6.47 1.06 1.06L12 13.06l6.47 6.47 1.06-1.06L13.06 12Z\"><\/path><\/svg><\/button>\n\t\t\t\t\t\t\t<div class=\"wp-block-navigation__responsive-container-content\" \n\t\t\t\tdata-wp-watch=\"callbacks.focusFirstElement\"\n\t\t\t id=\"modal-1-content\">\n\t\t\t\t\t\t\t\t<ul class=\"wp-block-navigation__container is-responsive items-justified-right wp-block-navigation\"><li class=\" wp-block-navigation-item wp-block-navigation-link\"><a class=\"wp-block-navigation-item__content\"  href=\"https:\/\/hundemolevitten.dk\/index.php\/forside\/hundetraening\/\"><span class=\"wp-block-navigation-item__label\">Hundetr\u00e6ning<\/span><\/a><\/li><li class=\" wp-block-navigation-item wp-block-navigation-link\"><a class=\"wp-block-navigation-item__content\"  href=\"https:\/\/hundemolevitten.dk\/index.php\/forside\/aktuelle-hold\/\"><span class=\"wp-block-navigation-item__label\">Aktuelle hold<\/span><\/a><\/li><li class=\" wp-block-navigation-item wp-block-navigation-link\"><a class=\"wp-block-navigation-item__content\"  href=\"https:\/\/hundemolevitten.dk\/index.php\/forside\/massage\/\"><span class=\"wp-block-navigation-item__label\">Massage<\/span><\/a><\/li><li class=\" wp-block-navigation-item wp-block-navigation-link\"><a class=\"wp-block-navigation-item__content\"  href=\"https:\/\/hundemolevitten.dk\/index.php\/forside\/om\/\"><span class=\"wp-block-navigation-item__label\">Om<\/span><\/a><\/li><li class=\" wp-block-navigation-item wp-block-navigation-link\"><a class=\"wp-block-navigation-item__content\"  href=\"https:\/\/hundemolevitten.dk\/index.php\/kontakt\/\"><span class=\"wp-block-navigation-item__label\">Kontakt<\/span><\/a><\/li><li class=\" wp-block-navigation-item wp-block-navigation-link\"><a class=\"wp-block-navigation-item__content\"  href=\"https:\/\/hundemolevitten.dk\/\"><span class=\"wp-block-navigation-item__label\">Forside<\/span><\/a><\/li><\/ul>\n\t\t\t\t\t\t\t<\/div>\n\t\t\t\t\t\t<\/div>\n\t\t\t\t\t<\/div>\n\t\t\t\t<\/div><\/nav>\n\n\n<figure class=\"wp-block-image size-large\"><img loading=\"lazy\" decoding=\"async\" width=\"1024\" height=\"468\" src=\"https:\/\/hundemolevitten.dk\/wp-content\/uploads\/2025\/07\/HUNDEMOLEVITTEN-Blaa-Logo-Lang-1024x468.png\" alt=\"\" class=\"wp-image-340\" srcset=\"http:\/\/hundemolevitten.dk\/wp-content\/uploads\/2025\/07\/HUNDEMOLEVITTEN-Blaa-Logo-Lang-1024x468.png 1024w, http:\/\/hundemolevitten.dk\/wp-content\/uploads\/2025\/07\/HUNDEMOLEVITTEN-Blaa-Logo-Lang-300x137.png 300w, http:\/\/hundemolevitten.dk\/wp-content\/uploads\/2025\/07\/HUNDEMOLEVITTEN-Blaa-Logo-Lang-768x351.png 768w, http:\/\/hundemolevitten.dk\/wp-content\/uploads\/2025\/07\/HUNDEMOLEVITTEN-Blaa-Logo-Lang-1536x702.png 1536w, http:\/\/hundemolevitten.dk\/wp-content\/uploads\/2025\/07\/HUNDEMOLEVITTEN-Blaa-Logo-Lang.png 2000w\" sizes=\"auto, (max-width: 1024px) 100vw, 1024px\" \/><\/figure>\n<\/div>\n<\/div><\/div>\n\n\n\n<p><\/p>\n\n\n\n<p><strong>Om mig:<\/strong><\/p>\n\n\n\n<p>Velkommen til HundeMolevitten! Mit navn er Pernille Rebien, og jeg bor i Sydhavnen i K\u00f8benhavn med min tidligere gadehund Toby.<\/p>\n\n\n\n<p>Jeg har skabt Hundemolevitten med et klart form\u00e5l: at styrke relationen mellem hund og ejer gennem viden, forst\u00e5else og moderne tr\u00e6ningsmetoder. Mit arbejde bygger p\u00e5 en dyb respekt for b\u00e5de hundens adf\u00e6rd og menneskets behov for tryg og tydelig vejledning.<\/p>\n\n\n\n<p>M\u00e5let er at give hunde og deres mennesker de bedste foruds\u00e6tninger for et harmonisk og velfungerende samarbejde. N\u00e5r vi forst\u00e5r hinanden bedre, skaber vi ikke kun f\u00e6rre konflikter, men ogs\u00e5 mere gl\u00e6de, ro og trivsel i hverdagen. Hundemolevitten er derfor et sted, hvor faglighed og omsorg g\u00e5r h\u00e5nd i h\u00e5nd, og hvor b\u00e5de hund og ejer f\u00e5r st\u00f8tte til at udvikle sig sammen.<\/p>\n\n\n\n<p><strong>Uddannelse og erfaring:<\/strong><\/p>\n\n\n\n<p>Min faglige baggrund er bred og bygger p\u00e5 mange \u00e5rs uddannelse inden for hundetr\u00e6ning, adf\u00e6rd og velf\u00e6rd. Jeg prioriterer l\u00f8bende efteruddannelse, s\u00e5 jeg altid arbejder ud fra den nyeste viden og de mest moderne, etiske metoder. Her kan du se et udpluk af mine uddannelser og kurser gennem \u00e5rene.<\/p>\n\n\n\n<p>2025 &#8211; Adf\u00e6rdsr\u00e5dgiver uddannelse hos Hund &amp; Tr\u00e6ning (forventes f\u00e6rdig for\u00e5ret 2027)<\/p>\n\n\n\n<p>2024 &#8211; Dyrl\u00e6ge Eksamineret Hundemass\u00f8r DEH<\/p>\n\n\n\n<p>2021 &#8211; DKK LP efteruddannelse<\/p>\n\n\n\n<p>2019 &#8211; DKK Nosework instrukt\u00f8r v. Karen Ulrich<\/p>\n\n\n\n<p>2018 &#8211; DKK Lydighedsinstrukt\u00f8r<\/p>\n\n\n\n<p>2018 &#8211; DKK Rally Instrukt\u00f8r v. Johanna Allanach<\/p>\n\n\n\n<p>2016 &#8211; DKK Efteruddannelse Hvalpe og Familiehunde instrukt\u00f8r<\/p>\n\n\n\n<p>2007 &#8211; DKK Klikker instrukt\u00f8r v. Christina Ingerslev<\/p>\n\n\n\n<p>2006 &#8211; DKK Adf\u00e6rds- og H\u00e5ndteringkursus<\/p>\n\n\n\n<p>2005 &#8211; DKK Hvalpe &amp; familiehunde instrukt\u00f8r<\/p>\n\n\n\n<p>2005 &#8211; DKK Basisuddannelse<\/p>\n\n\n\n<p>2001til 2005 &#8211; Fire\u00e5rigt studieforl\u00f8b i dyreadf\u00e6rd ved Etologisk Institut v. Roger Abrantes.<\/p>\n\n\n\n<p><strong>Kontakt:<\/strong><\/p>\n\n\n\n<p>Hvis du har sp\u00f8rgsm\u00e5l eller \u00f8nsker at booke en session, er du velkommen til at kontakte mig p\u00e5 hundemolevitten@gmail.com eller mobil 6127 3230.<\/p>\n\n\n\n<figure class=\"wp-block-image size-large\"><img loading=\"lazy\" decoding=\"async\" width=\"1024\" height=\"682\" src=\"https:\/\/hundemolevitten.dk\/wp-content\/uploads\/2025\/12\/Baggekarrdec2025-1024x682.jpg\" alt=\"\" class=\"wp-image-266\" srcset=\"http:\/\/hundemolevitten.dk\/wp-content\/uploads\/2025\/12\/Baggekarrdec2025-1024x682.jpg 1024w, http:\/\/hundemolevitten.dk\/wp-content\/uploads\/2025\/12\/Baggekarrdec2025-300x200.jpg 300w, http:\/\/hundemolevitten.dk\/wp-content\/uploads\/2025\/12\/Baggekarrdec2025-768x511.jpg 768w, http:\/\/hundemolevitten.dk\/wp-content\/uploads\/2025\/12\/Baggekarrdec2025-1536x1022.jpg 1536w, http:\/\/hundemolevitten.dk\/wp-content\/uploads\/2025\/12\/Baggekarrdec2025-2048x1363.jpg 2048w\" sizes=\"auto, (max-width: 1024px) 100vw, 1024px\" \/><\/figure>\n","protected":false},"excerpt":{"rendered":"<p>Om mig: Velkommen til HundeMolevitten! Mit navn er Pernille Rebien, og jeg bor i Sydhavnen i K\u00f8benhavn med min tidligere gadehund Toby. Jeg har skabt Hundemolevitten med et klart form\u00e5l: &#8230;<\/p>\n","protected":false},"author":1,"featured_media":0,"parent":2,"menu_order":0,"comment_status":"closed","ping_status":"closed","template":"","meta":{"footnotes":""},"class_list":["post-117","page","type-page","status-publish","hentry"],"_links":{"self":[{"href":"http:\/\/hundemolevitten.dk\/index.php\/wp-json\/wp\/v2\/pages\/117","targetHints":{"allow":["GET"]}}],"collection":[{"href":"http:\/\/hundemolevitten.dk\/index.php\/wp-json\/wp\/v2\/pages"}],"about":[{"href":"http:\/\/hundemolevitten.dk\/index.php\/wp-json\/wp\/v2\/types\/page"}],"author":[{"embeddable":true,"href":"http:\/\/hundemolevitten.dk\/index.php\/wp-json\/wp\/v2\/users\/1"}],"replies":[{"embeddable":true,"href":"http:\/\/hundemolevitten.dk\/index.php\/wp-json\/wp\/v2\/comments?post=117"}],"version-history":[{"count":12,"href":"http:\/\/hundemolevitten.dk\/index.php\/wp-json\/wp\/v2\/pages\/117\/revisions"}],"predecessor-version":[{"id":300,"href":"http:\/\/hundemolevitten.dk\/index.php\/wp-json\/wp\/v2\/pages\/117\/revisions\/300"}],"up":[{"embeddable":true,"href":"http:\/\/hundemolevitten.dk\/index.php\/wp-json\/wp\/v2\/pages\/2"}],"wp:attachment":[{"href":"http:\/\/hundemolevitten.dk\/index.php\/wp-json\/wp\/v2\/media?parent=117"}],"curies":[{"name":"wp","href":"https:\/\/api.w.org\/{rel}","templated":true}]}}