{"id":17,"date":"2025-07-27T12:06:05","date_gmt":"2025-07-27T12:06:05","guid":{"rendered":"https:\/\/hundemolevitten.dk\/?page_id=17"},"modified":"2025-12-30T15:41:45","modified_gmt":"2025-12-30T15:41:45","slug":"hundetraening","status":"publish","type":"page","link":"http:\/\/hundemolevitten.dk\/index.php\/forside\/hundetraening\/","title":{"rendered":"Hundetr\u00e6ning"},"content":{"rendered":"\n<div class=\"wp-block-group alignfull\" style=\"padding-top:var(--wp--preset--spacing--30);padding-right:var(--wp--preset--spacing--30);padding-bottom:var(--wp--preset--spacing--30);padding-left:var(--wp--preset--spacing--30)\"><div class=\"wp-block-group__inner-container is-layout-constrained wp-container-core-group-is-layout-97875daf wp-block-group-is-layout-constrained\">\n<p class=\"has-text-align-center\"><\/p>\n\n\n\n<div class=\"wp-block-columns is-layout-flex wp-container-core-columns-is-layout-9d6595d7 wp-block-columns-is-layout-flex\">\n<div class=\"wp-block-column is-layout-flow wp-block-column-is-layout-flow\"><\/div>\n\n\n\n<div class=\"wp-block-column is-layout-flow wp-block-column-is-layout-flow\"><\/div>\n<\/div>\n\n\n\n<div class=\"wp-block-group alignfull has-contrast-color has-text-color has-link-color wp-elements-b5481f5c08a9e0e175456e1fb3b7e995 is-content-justification-space-between is-layout-flex wp-container-core-group-is-layout-fefaeca0 wp-block-group-is-layout-flex\" style=\"padding-top:var(--wp--preset--spacing--30);padding-right:var(--wp--preset--spacing--30);padding-bottom:var(--wp--preset--spacing--30);padding-left:var(--wp--preset--spacing--30)\">\n\n<nav class=\"is-responsive items-justified-right wp-block-navigation is-content-justification-right is-layout-flex wp-container-core-navigation-is-layout-3817c3ed wp-block-navigation-is-layout-flex\" aria-label=\"Header navigation\" \n\t\t data-wp-interactive=\"core\/navigation\" data-wp-context='{\"overlayOpenedBy\":{\"click\":false,\"hover\":false,\"focus\":false},\"type\":\"overlay\",\"roleAttribute\":\"\",\"ariaLabel\":\"Menu\"}'><button aria-haspopup=\"dialog\" aria-label=\"\u00c5bn menu\" class=\"wp-block-navigation__responsive-container-open always-shown\" \n\t\t\t\tdata-wp-on-async--click=\"actions.openMenuOnClick\"\n\t\t\t\tdata-wp-on--keydown=\"actions.handleMenuKeydown\"\n\t\t\t><svg width=\"24\" height=\"24\" xmlns=\"http:\/\/www.w3.org\/2000\/svg\" viewBox=\"0 0 24 24\" aria-hidden=\"true\" focusable=\"false\"><rect x=\"4\" y=\"7.5\" width=\"16\" height=\"1.5\" \/><rect x=\"4\" y=\"15\" width=\"16\" height=\"1.5\" \/><\/svg><\/button>\n\t\t\t\t<div class=\"wp-block-navigation__responsive-container hidden-by-default\"  id=\"modal-1\" \n\t\t\t\tdata-wp-class--has-modal-open=\"state.isMenuOpen\"\n\t\t\t\tdata-wp-class--is-menu-open=\"state.isMenuOpen\"\n\t\t\t\tdata-wp-watch=\"callbacks.initMenu\"\n\t\t\t\tdata-wp-on--keydown=\"actions.handleMenuKeydown\"\n\t\t\t\tdata-wp-on-async--focusout=\"actions.handleMenuFocusout\"\n\t\t\t\ttabindex=\"-1\"\n\t\t\t>\n\t\t\t\t\t<div class=\"wp-block-navigation__responsive-close\" tabindex=\"-1\">\n\t\t\t\t\t\t<div class=\"wp-block-navigation__responsive-dialog\" \n\t\t\t\tdata-wp-bind--aria-modal=\"state.ariaModal\"\n\t\t\t\tdata-wp-bind--aria-label=\"state.ariaLabel\"\n\t\t\t\tdata-wp-bind--role=\"state.roleAttribute\"\n\t\t\t>\n\t\t\t\t\t\t\t<button aria-label=\"Luk menu\" class=\"wp-block-navigation__responsive-container-close\" \n\t\t\t\tdata-wp-on-async--click=\"actions.closeMenuOnClick\"\n\t\t\t><svg xmlns=\"http:\/\/www.w3.org\/2000\/svg\" viewBox=\"0 0 24 24\" width=\"24\" height=\"24\" aria-hidden=\"true\" focusable=\"false\"><path d=\"m13.06 12 6.47-6.47-1.06-1.06L12 10.94 5.53 4.47 4.47 5.53 10.94 12l-6.47 6.47 1.06 1.06L12 13.06l6.47 6.47 1.06-1.06L13.06 12Z\"><\/path><\/svg><\/button>\n\t\t\t\t\t\t\t<div class=\"wp-block-navigation__responsive-container-content\" \n\t\t\t\tdata-wp-watch=\"callbacks.focusFirstElement\"\n\t\t\t id=\"modal-1-content\">\n\t\t\t\t\t\t\t\t<ul class=\"wp-block-navigation__container is-responsive items-justified-right wp-block-navigation\"><li class=\" wp-block-navigation-item wp-block-navigation-link\"><a class=\"wp-block-navigation-item__content\"  href=\"https:\/\/hundemolevitten.dk\/index.php\/forside\/hundetraening\/\"><span class=\"wp-block-navigation-item__label\">Hundetr\u00e6ning<\/span><\/a><\/li><li class=\" wp-block-navigation-item wp-block-navigation-link\"><a class=\"wp-block-navigation-item__content\"  href=\"https:\/\/hundemolevitten.dk\/index.php\/forside\/aktuelle-hold\/\"><span class=\"wp-block-navigation-item__label\">Aktuelle hold<\/span><\/a><\/li><li class=\" wp-block-navigation-item wp-block-navigation-link\"><a class=\"wp-block-navigation-item__content\"  href=\"https:\/\/hundemolevitten.dk\/index.php\/forside\/massage\/\"><span class=\"wp-block-navigation-item__label\">Massage<\/span><\/a><\/li><li class=\" wp-block-navigation-item wp-block-navigation-link\"><a class=\"wp-block-navigation-item__content\"  href=\"https:\/\/hundemolevitten.dk\/index.php\/forside\/om\/\"><span class=\"wp-block-navigation-item__label\">Om<\/span><\/a><\/li><li class=\" wp-block-navigation-item wp-block-navigation-link\"><a class=\"wp-block-navigation-item__content\"  href=\"https:\/\/hundemolevitten.dk\/index.php\/kontakt\/\"><span class=\"wp-block-navigation-item__label\">Kontakt<\/span><\/a><\/li><li class=\" wp-block-navigation-item wp-block-navigation-link\"><a class=\"wp-block-navigation-item__content\"  href=\"https:\/\/hundemolevitten.dk\/\"><span class=\"wp-block-navigation-item__label\">Forside<\/span><\/a><\/li><\/ul>\n\t\t\t\t\t\t\t<\/div>\n\t\t\t\t\t\t<\/div>\n\t\t\t\t\t<\/div>\n\t\t\t\t<\/div><\/nav>\n\n\n<figure class=\"wp-block-image size-large\"><img loading=\"lazy\" decoding=\"async\" width=\"1024\" height=\"468\" src=\"https:\/\/hundemolevitten.dk\/wp-content\/uploads\/2025\/07\/HUNDEMOLEVITTEN-Blaa-Logo-Lang-1024x468.png\" alt=\"\" class=\"wp-image-340\" srcset=\"http:\/\/hundemolevitten.dk\/wp-content\/uploads\/2025\/07\/HUNDEMOLEVITTEN-Blaa-Logo-Lang-1024x468.png 1024w, http:\/\/hundemolevitten.dk\/wp-content\/uploads\/2025\/07\/HUNDEMOLEVITTEN-Blaa-Logo-Lang-300x137.png 300w, http:\/\/hundemolevitten.dk\/wp-content\/uploads\/2025\/07\/HUNDEMOLEVITTEN-Blaa-Logo-Lang-768x351.png 768w, http:\/\/hundemolevitten.dk\/wp-content\/uploads\/2025\/07\/HUNDEMOLEVITTEN-Blaa-Logo-Lang-1536x702.png 1536w, http:\/\/hundemolevitten.dk\/wp-content\/uploads\/2025\/07\/HUNDEMOLEVITTEN-Blaa-Logo-Lang.png 2000w\" sizes=\"auto, (max-width: 1024px) 100vw, 1024px\" \/><\/figure>\n<\/div>\n<\/div><\/div>\n\n\n\n<p><\/p>\n\n\n\n<p>Hos Hundemolevitten arbejder vi med moderne, videnskabeligt funderede og positive tr\u00e6ningsmetoder, der styrker samarbejdet mellem dig og din hund. Tr\u00e6ningen bygger p\u00e5 forst\u00e5else, tydelig kommunikation og respekt for hundens behov b\u00e5de f\u00f8lelsesm\u00e6ssigt og adf\u00e6rdsm\u00e6ssigt.<\/p>\n\n\n\n<h3 class=\"wp-block-heading\">Hvad du kan forvente<\/h3>\n\n\n\n<ul class=\"wp-block-list\">\n<li>Tryghed og ro, s\u00e5 b\u00e5de hund og menneske kan l\u00e6re uden pres<\/li>\n\n\n\n<li>Praktiske \u00f8velser, som du kan bruge i hverdagen<\/li>\n\n\n\n<li>Individuel tilpasning, s\u00e5 tr\u00e6ningen passer til netop jeres situation<\/li>\n\n\n\n<li>Fokus p\u00e5 arbejdsgl\u00e6de og motivation hos hunden<\/li>\n<\/ul>\n\n\n\n<h3 class=\"wp-block-heading\">Fokusomr\u00e5der<\/h3>\n\n\n\n<p>Vi arbejder blandt andet med<\/p>\n\n\n\n<ul class=\"wp-block-list\">\n<li>Hverdagslydighed og gode vaner<\/li>\n\n\n\n<li>At g\u00e5 p\u00e6nt i snor og finde ro i m\u00f8desituationer<\/li>\n\n\n\n<li>Indkald og kontakt<\/li>\n\n\n\n<li>Mental aktivering og trivsel<\/li>\n\n\n\n<li>Forebyggelse og h\u00e5ndtering af udfordrende adf\u00e6rd<\/li>\n<\/ul>\n\n\n\n<h3 class=\"wp-block-heading\">M\u00e5let<\/h3>\n\n\n\n<p>M\u00e5let er en hund, der f\u00f8ler sig set, forst\u00e5et og tryg, og en ejer der f\u00f8ler sig godt kl\u00e6dt p\u00e5 til at st\u00f8tte sin hund i b\u00e5de sm\u00e5 og store situationer. Tr\u00e6ningen skal v\u00e6re en positiv oplevelse for jer begge og give jer v\u00e6rkt\u00f8jer, der holder hele livet.<\/p>\n\n\n\n<figure class=\"wp-block-image size-large\"><img loading=\"lazy\" decoding=\"async\" width=\"1024\" height=\"589\" src=\"https:\/\/hundemolevitten.dk\/wp-content\/uploads\/2025\/12\/516A3602-1024x589.jpg\" alt=\"\" class=\"wp-image-292\" srcset=\"http:\/\/hundemolevitten.dk\/wp-content\/uploads\/2025\/12\/516A3602-1024x589.jpg 1024w, http:\/\/hundemolevitten.dk\/wp-content\/uploads\/2025\/12\/516A3602-300x172.jpg 300w, http:\/\/hundemolevitten.dk\/wp-content\/uploads\/2025\/12\/516A3602-768x441.jpg 768w, http:\/\/hundemolevitten.dk\/wp-content\/uploads\/2025\/12\/516A3602-1536x883.jpg 1536w, http:\/\/hundemolevitten.dk\/wp-content\/uploads\/2025\/12\/516A3602-2048x1177.jpg 2048w\" sizes=\"auto, (max-width: 1024px) 100vw, 1024px\" \/><\/figure>\n","protected":false},"excerpt":{"rendered":"<p>Hos Hundemolevitten arbejder vi med moderne, videnskabeligt funderede og positive tr\u00e6ningsmetoder, der styrker samarbejdet mellem dig og din hund. Tr\u00e6ningen bygger p\u00e5 forst\u00e5else, tydelig kommunikation og respekt for hundens behov &#8230;<\/p>\n","protected":false},"author":1,"featured_media":0,"parent":2,"menu_order":0,"comment_status":"closed","ping_status":"closed","template":"","meta":{"footnotes":""},"class_list":["post-17","page","type-page","status-publish","hentry"],"_links":{"self":[{"href":"http:\/\/hundemolevitten.dk\/index.php\/wp-json\/wp\/v2\/pages\/17","targetHints":{"allow":["GET"]}}],"collection":[{"href":"http:\/\/hundemolevitten.dk\/index.php\/wp-json\/wp\/v2\/pages"}],"about":[{"href":"http:\/\/hundemolevitten.dk\/index.php\/wp-json\/wp\/v2\/types\/page"}],"author":[{"embeddable":true,"href":"http:\/\/hundemolevitten.dk\/index.php\/wp-json\/wp\/v2\/users\/1"}],"replies":[{"embeddable":true,"href":"http:\/\/hundemolevitten.dk\/index.php\/wp-json\/wp\/v2\/comments?post=17"}],"version-history":[{"count":4,"href":"http:\/\/hundemolevitten.dk\/index.php\/wp-json\/wp\/v2\/pages\/17\/revisions"}],"predecessor-version":[{"id":298,"href":"http:\/\/hundemolevitten.dk\/index.php\/wp-json\/wp\/v2\/pages\/17\/revisions\/298"}],"up":[{"embeddable":true,"href":"http:\/\/hundemolevitten.dk\/index.php\/wp-json\/wp\/v2\/pages\/2"}],"wp:attachment":[{"href":"http:\/\/hundemolevitten.dk\/index.php\/wp-json\/wp\/v2\/media?parent=17"}],"curies":[{"name":"wp","href":"https:\/\/api.w.org\/{rel}","templated":true}]}}